{"id":2656,"date":"2023-11-24T06:28:42","date_gmt":"2023-11-24T06:28:42","guid":{"rendered":"https:\/\/livinsoft.com\/?page_id=2656"},"modified":"2024-07-10T08:00:51","modified_gmt":"2024-07-10T08:00:51","slug":"blog","status":"publish","type":"page","link":"https:\/\/livinsoft.com\/tr\/blog\/","title":{"rendered":"Blog"},"content":{"rendered":"<div class=\"fusion-fullwidth fullwidth-box fusion-builder-row-1 fusion-flex-container has-pattern-background has-mask-background nonhundred-percent-fullwidth non-hundred-percent-height-scrolling\" style=\"--awb-border-radius-top-left:0px;--awb-border-radius-top-right:0px;--awb-border-radius-bottom-right:0px;--awb-border-radius-bottom-left:0px;--awb-padding-right:40px;--awb-padding-left:40px;--awb-flex-wrap:wrap;\" ><div class=\"fusion-builder-row fusion-row fusion-flex-align-items-flex-start fusion-flex-content-wrap\" style=\"max-width:calc( 1200px + 0px );margin-left: calc(-0px \/ 2 );margin-right: calc(-0px \/ 2 );\"><div class=\"fusion-layout-column fusion_builder_column fusion-builder-column-0 fusion_builder_column_1_1 1_1 fusion-flex-column fusion-flex-align-self-flex-start fusion-column-no-min-height\" style=\"--awb-bg-blend:overlay;--awb-bg-size:cover;--awb-width-large:100%;--awb-margin-top-large:0px;--awb-spacing-right-large:0px;--awb-margin-bottom-large:0px;--awb-spacing-left-large:0px;--awb-width-medium:100%;--awb-spacing-right-medium:0px;--awb-spacing-left-medium:0px;--awb-width-small:100%;--awb-spacing-right-small:0px;--awb-spacing-left-small:0px;\"><div class=\"fusion-column-wrapper fusion-flex-justify-content-flex-start fusion-content-layout-column\"><div class=\"fusion-post-cards fusion-post-cards-1 fusion-grid-archive fusion-grid-columns-3\" style=\"--awb-column-spacing:20px;--awb-dots-align:center;--awb-columns:3;--awb-filters-color:var(--awb-custom_color_1);--awb-active-filter-border-size:3px;--awb-filters-height:36px;--awb-row-spacing:20px;\"><ul class=\"fusion-grid fusion-grid-3 fusion-flex-align-items-stretch fusion-grid-posts-cards fusion-grid-container-infinite fusion-grid-container-load-more\" data-pages=\"2\"><li class=\"fusion-layout-column fusion_builder_column fusion-builder-column-1 fusion-flex-column fusion-column-inner-bg-wrapper post-card fusion-grid-column fusion-post-cards-grid-column\" style=\"--awb-padding-top:60px;--awb-padding-right:60px;--awb-padding-bottom:60px;--awb-padding-left:60px;--awb-inner-bg-color:var(--awb-color1);--awb-inner-bg-color-hover:var(--awb-color1);--awb-inner-bg-image:linear-gradient(180deg, hsla(var(--awb-color2-h),var(--awb-color2-s),var(--awb-color2-l),calc(var(--awb-color2-a) - 80%)) 0%,var(--awb-color2) 100%);;--awb-inner-bg-size:cover;\" data-scroll-devices=\"small-visibility,medium-visibility,large-visibility\"><span class=\"fusion-column-inner-bg hover-type-none\"><a class=\"fusion-column-anchor\" href=\"https:\/\/livinsoft.com\/tr\/how-green-certifications-influence-student-housing-choices\/\"><span class=\"fusion-column-inner-bg-image lazyload\" data-bg=\"https:\/\/livinsoft.com\/wp-content\/uploads\/2024\/12\/sustainable-development-goals-still-life-1-e1733904723948.jpg\" data-bg-gradient=\"linear-gradient(180deg, hsla(var(--awb-color2-h),var(--awb-color2-s),var(--awb-color2-l),calc(var(--awb-color2-a) - 80%)) 0%,var(--awb-color2) 100%)\"><\/span><\/a><\/span><div class=\"fusion-column-wrapper fusion-column-has-shadow fusion-flex-justify-content-flex-start fusion-content-layout-column fusion-column-has-bg-image\" data-bg-url=\"https:\/\/livinsoft.com\/wp-content\/uploads\/2024\/12\/sustainable-development-goals-still-life-1-e1733904723948.jpg\"><div class=\"fusion-title title fusion-title-1 fusion-sep-none fusion-title-text fusion-title-size-div\" style=\"--awb-text-color:var(--awb-color1);--awb-margin-bottom:8vw;--awb-font-size:var(--awb-typography2-font-size);\"><div class=\"fusion-title-heading title-heading-left title-heading-tag\" style=\"font-family:var(--awb-typography2-font-family);font-weight:var(--awb-typography2-font-weight);font-style:var(--awb-typography2-font-style);margin:0;font-size:1em;letter-spacing:var(--awb-typography2-letter-spacing);text-transform:var(--awb-typography2-text-transform);line-height:var(--awb-typography2-line-height);\">.<\/div><\/div><div class=\"fusion-separator fusion-full-width-sep\" style=\"align-self: center;margin-left: auto;margin-right: auto;flex-grow:1;width:100%;\"><\/div><div class=\"fusion-title title fusion-title-2 fusion-sep-none fusion-title-text fusion-title-size-four\" style=\"--awb-text-color:var(--awb-color1);--awb-margin-bottom:30px;--awb-margin-left:-2px;\"><h4 class=\"fusion-title-heading title-heading-left\" style=\"margin:0;\">Ye\u015fil Sertifikalar \u00d6\u011frencilerin Yurt Se\u00e7imlerini Nas\u0131l Etkiliyor?<\/h4><\/div><\/div><\/li>\n<li class=\"fusion-layout-column fusion_builder_column fusion-builder-column-2 fusion-flex-column fusion-column-inner-bg-wrapper post-card fusion-grid-column fusion-post-cards-grid-column\" style=\"--awb-padding-top:60px;--awb-padding-right:60px;--awb-padding-bottom:60px;--awb-padding-left:60px;--awb-inner-bg-color:var(--awb-color1);--awb-inner-bg-color-hover:var(--awb-color1);--awb-inner-bg-image:linear-gradient(180deg, hsla(var(--awb-color2-h),var(--awb-color2-s),var(--awb-color2-l),calc(var(--awb-color2-a) - 80%)) 0%,var(--awb-color2) 100%);;--awb-inner-bg-size:cover;\" data-scroll-devices=\"small-visibility,medium-visibility,large-visibility\"><span class=\"fusion-column-inner-bg hover-type-none\"><a class=\"fusion-column-anchor\" href=\"https:\/\/livinsoft.com\/tr\/the-rising-demand-for-staff-housing-benefits\/\"><span class=\"fusion-column-inner-bg-image lazyload\" data-bg=\"https:\/\/livinsoft.com\/wp-content\/uploads\/2024\/11\/pexels-a-darmel-7642000-scaled-e1733904777269.jpg\" data-bg-gradient=\"linear-gradient(180deg, hsla(var(--awb-color2-h),var(--awb-color2-s),var(--awb-color2-l),calc(var(--awb-color2-a) - 80%)) 0%,var(--awb-color2) 100%)\"><\/span><\/a><\/span><div class=\"fusion-column-wrapper fusion-column-has-shadow fusion-flex-justify-content-flex-start fusion-content-layout-column fusion-column-has-bg-image\" data-bg-url=\"https:\/\/livinsoft.com\/wp-content\/uploads\/2024\/11\/pexels-a-darmel-7642000-scaled-e1733904777269.jpg\"><div class=\"fusion-title title fusion-title-3 fusion-sep-none fusion-title-text fusion-title-size-div\" style=\"--awb-text-color:var(--awb-color1);--awb-margin-bottom:8vw;--awb-font-size:var(--awb-typography2-font-size);\"><div class=\"fusion-title-heading title-heading-left title-heading-tag\" style=\"font-family:var(--awb-typography2-font-family);font-weight:var(--awb-typography2-font-weight);font-style:var(--awb-typography2-font-style);margin:0;font-size:1em;letter-spacing:var(--awb-typography2-letter-spacing);text-transform:var(--awb-typography2-text-transform);line-height:var(--awb-typography2-line-height);\">.<\/div><\/div><div class=\"fusion-separator fusion-full-width-sep\" style=\"align-self: center;margin-left: auto;margin-right: auto;flex-grow:1;width:100%;\"><\/div><div class=\"fusion-title title fusion-title-4 fusion-sep-none fusion-title-text fusion-title-size-four\" style=\"--awb-text-color:var(--awb-color1);--awb-margin-bottom:30px;--awb-margin-left:-2px;\"><h4 class=\"fusion-title-heading title-heading-left\" style=\"margin:0;\">Personel Konut Yard\u0131mlar\u0131na Y\u00f6nelik Artan Talep: \u0130\u015fverenler ve Emlak Y\u00f6neticileri \u0130\u00e7in Temel G\u00f6r\u00fc\u015fler<\/h4><\/div><\/div><\/li>\n<li class=\"fusion-layout-column fusion_builder_column fusion-builder-column-3 fusion-flex-column fusion-column-inner-bg-wrapper post-card fusion-grid-column fusion-post-cards-grid-column\" style=\"--awb-padding-top:60px;--awb-padding-right:60px;--awb-padding-bottom:60px;--awb-padding-left:60px;--awb-inner-bg-color:var(--awb-color1);--awb-inner-bg-color-hover:var(--awb-color1);--awb-inner-bg-image:linear-gradient(180deg, hsla(var(--awb-color2-h),var(--awb-color2-s),var(--awb-color2-l),calc(var(--awb-color2-a) - 80%)) 0%,var(--awb-color2) 100%);;--awb-inner-bg-size:cover;\" data-scroll-devices=\"small-visibility,medium-visibility,large-visibility\"><span class=\"fusion-column-inner-bg hover-type-none\"><a class=\"fusion-column-anchor\" href=\"https:\/\/livinsoft.com\/tr\/the-future-of-student-housing-trends-shaping-the-industry-in-2025\/\"><span class=\"fusion-column-inner-bg-image lazyload\" data-bg=\"https:\/\/livinsoft.com\/wp-content\/uploads\/2024\/09\/ryan-jacobson-cXUOQWdRV4I-unsplash-scaled-e1733904843538.jpg\" data-bg-gradient=\"linear-gradient(180deg, hsla(var(--awb-color2-h),var(--awb-color2-s),var(--awb-color2-l),calc(var(--awb-color2-a) - 80%)) 0%,var(--awb-color2) 100%)\"><\/span><\/a><\/span><div class=\"fusion-column-wrapper fusion-column-has-shadow fusion-flex-justify-content-flex-start fusion-content-layout-column fusion-column-has-bg-image\" data-bg-url=\"https:\/\/livinsoft.com\/wp-content\/uploads\/2024\/09\/ryan-jacobson-cXUOQWdRV4I-unsplash-scaled-e1733904843538.jpg\"><div class=\"fusion-title title fusion-title-5 fusion-sep-none fusion-title-text fusion-title-size-div\" style=\"--awb-text-color:var(--awb-color1);--awb-margin-bottom:8vw;--awb-font-size:var(--awb-typography2-font-size);\"><div class=\"fusion-title-heading title-heading-left title-heading-tag\" style=\"font-family:var(--awb-typography2-font-family);font-weight:var(--awb-typography2-font-weight);font-style:var(--awb-typography2-font-style);margin:0;font-size:1em;letter-spacing:var(--awb-typography2-letter-spacing);text-transform:var(--awb-typography2-text-transform);line-height:var(--awb-typography2-line-height);\">.<\/div><\/div><div class=\"fusion-separator fusion-full-width-sep\" style=\"align-self: center;margin-left: auto;margin-right: auto;flex-grow:1;width:100%;\"><\/div><div class=\"fusion-title title fusion-title-6 fusion-sep-none fusion-title-text fusion-title-size-four\" style=\"--awb-text-color:var(--awb-color1);--awb-margin-bottom:30px;--awb-margin-left:-2px;\"><h4 class=\"fusion-title-heading title-heading-left\" style=\"margin:0;\">\u00d6\u011frenci Yurtlar\u0131n\u0131n Gelece\u011fi: 2025'te Sekt\u00f6r\u00fc \u015eekillendirecek Trendler<\/h4><\/div><\/div><\/li>\n<li class=\"fusion-layout-column fusion_builder_column fusion-builder-column-4 fusion-flex-column fusion-column-inner-bg-wrapper post-card fusion-grid-column fusion-post-cards-grid-column\" style=\"--awb-padding-top:60px;--awb-padding-right:60px;--awb-padding-bottom:60px;--awb-padding-left:60px;--awb-inner-bg-color:var(--awb-color1);--awb-inner-bg-color-hover:var(--awb-color1);--awb-inner-bg-image:linear-gradient(180deg, hsla(var(--awb-color2-h),var(--awb-color2-s),var(--awb-color2-l),calc(var(--awb-color2-a) - 80%)) 0%,var(--awb-color2) 100%);;--awb-inner-bg-size:cover;\" data-scroll-devices=\"small-visibility,medium-visibility,large-visibility\"><span class=\"fusion-column-inner-bg hover-type-none\"><a class=\"fusion-column-anchor\" href=\"https:\/\/livinsoft.com\/tr\/ensuring-safety-in-student-accommodation-a-property-managers-guide\/\"><span class=\"fusion-column-inner-bg-image lazyload\" data-bg=\"https:\/\/livinsoft.com\/wp-content\/uploads\/2024\/07\/daylight-analog-city-landscape-with-buildings-2.jpg\" data-bg-gradient=\"linear-gradient(180deg, hsla(var(--awb-color2-h),var(--awb-color2-s),var(--awb-color2-l),calc(var(--awb-color2-a) - 80%)) 0%,var(--awb-color2) 100%)\"><\/span><\/a><\/span><div class=\"fusion-column-wrapper fusion-column-has-shadow fusion-flex-justify-content-flex-start fusion-content-layout-column fusion-column-has-bg-image\" data-bg-url=\"https:\/\/livinsoft.com\/wp-content\/uploads\/2024\/07\/daylight-analog-city-landscape-with-buildings-2.jpg\"><div class=\"fusion-title title fusion-title-7 fusion-sep-none fusion-title-text fusion-title-size-div\" style=\"--awb-text-color:var(--awb-color1);--awb-margin-bottom:8vw;--awb-font-size:var(--awb-typography2-font-size);\"><div class=\"fusion-title-heading title-heading-left title-heading-tag\" style=\"font-family:var(--awb-typography2-font-family);font-weight:var(--awb-typography2-font-weight);font-style:var(--awb-typography2-font-style);margin:0;font-size:1em;letter-spacing:var(--awb-typography2-letter-spacing);text-transform:var(--awb-typography2-text-transform);line-height:var(--awb-typography2-line-height);\">.<\/div><\/div><div class=\"fusion-separator fusion-full-width-sep\" style=\"align-self: center;margin-left: auto;margin-right: auto;flex-grow:1;width:100%;\"><\/div><div class=\"fusion-title title fusion-title-8 fusion-sep-none fusion-title-text fusion-title-size-four\" style=\"--awb-text-color:var(--awb-color1);--awb-margin-bottom:30px;--awb-margin-left:-2px;\"><h4 class=\"fusion-title-heading title-heading-left\" style=\"margin:0;\">\u00d6\u011frenci Konaklamalar\u0131nda G\u00fcvenli\u011fin Sa\u011flanmas\u0131: Bir Tesis Y\u00f6neticisinin Rehberi<\/h4><\/div><\/div><\/li>\n<li class=\"fusion-layout-column fusion_builder_column fusion-builder-column-5 fusion-flex-column fusion-column-inner-bg-wrapper post-card fusion-grid-column fusion-post-cards-grid-column\" style=\"--awb-padding-top:60px;--awb-padding-right:60px;--awb-padding-bottom:60px;--awb-padding-left:60px;--awb-inner-bg-color:var(--awb-color1);--awb-inner-bg-color-hover:var(--awb-color1);--awb-inner-bg-image:linear-gradient(180deg, hsla(var(--awb-color2-h),var(--awb-color2-s),var(--awb-color2-l),calc(var(--awb-color2-a) - 80%)) 0%,var(--awb-color2) 100%);;--awb-inner-bg-size:cover;\" data-scroll-devices=\"small-visibility,medium-visibility,large-visibility\"><span class=\"fusion-column-inner-bg hover-type-none\"><a class=\"fusion-column-anchor\" href=\"https:\/\/livinsoft.com\/tr\/why-use-student-housing-property-management-software\/\"><span class=\"fusion-column-inner-bg-image lazyload\" data-bg=\"https:\/\/livinsoft.com\/wp-content\/uploads\/2024\/07\/Adsiz-tasarim-7.png\" data-bg-gradient=\"linear-gradient(180deg, hsla(var(--awb-color2-h),var(--awb-color2-s),var(--awb-color2-l),calc(var(--awb-color2-a) - 80%)) 0%,var(--awb-color2) 100%)\"><\/span><\/a><\/span><div class=\"fusion-column-wrapper fusion-column-has-shadow fusion-flex-justify-content-flex-start fusion-content-layout-column fusion-column-has-bg-image\" data-bg-url=\"https:\/\/livinsoft.com\/wp-content\/uploads\/2024\/07\/Adsiz-tasarim-7.png\"><div class=\"fusion-title title fusion-title-9 fusion-sep-none fusion-title-text fusion-title-size-div\" style=\"--awb-text-color:var(--awb-color1);--awb-margin-bottom:8vw;--awb-font-size:var(--awb-typography2-font-size);\"><div class=\"fusion-title-heading title-heading-left title-heading-tag\" style=\"font-family:var(--awb-typography2-font-family);font-weight:var(--awb-typography2-font-weight);font-style:var(--awb-typography2-font-style);margin:0;font-size:1em;letter-spacing:var(--awb-typography2-letter-spacing);text-transform:var(--awb-typography2-text-transform);line-height:var(--awb-typography2-line-height);\">.<\/div><\/div><div class=\"fusion-separator fusion-full-width-sep\" style=\"align-self: center;margin-left: auto;margin-right: auto;flex-grow:1;width:100%;\"><\/div><div class=\"fusion-title title fusion-title-10 fusion-sep-none fusion-title-text fusion-title-size-four\" style=\"--awb-text-color:var(--awb-color1);--awb-margin-bottom:30px;--awb-margin-left:-2px;\"><h4 class=\"fusion-title-heading title-heading-left\" style=\"margin:0;\">\u00d6\u011frenci Yurt Y\u00f6netim Yaz\u0131l\u0131m\u0131n\u0131 Neden Kullanmal\u0131s\u0131n\u0131z?<\/h4><\/div><\/div><\/li>\n<li class=\"fusion-layout-column fusion_builder_column fusion-builder-column-6 fusion-flex-column fusion-column-inner-bg-wrapper post-card fusion-grid-column fusion-post-cards-grid-column\" style=\"--awb-padding-top:60px;--awb-padding-right:60px;--awb-padding-bottom:60px;--awb-padding-left:60px;--awb-inner-bg-color:var(--awb-color1);--awb-inner-bg-color-hover:var(--awb-color1);--awb-inner-bg-image:linear-gradient(180deg, hsla(var(--awb-color2-h),var(--awb-color2-s),var(--awb-color2-l),calc(var(--awb-color2-a) - 80%)) 0%,var(--awb-color2) 100%);;--awb-inner-bg-size:cover;\" data-scroll-devices=\"small-visibility,medium-visibility,large-visibility\"><span class=\"fusion-column-inner-bg hover-type-none\"><a class=\"fusion-column-anchor\" href=\"https:\/\/livinsoft.com\/tr\/maximizing-energy-efficiency-in-student-accommodation\/\"><span class=\"fusion-column-inner-bg-image lazyload\" data-bg=\"https:\/\/livinsoft.com\/wp-content\/uploads\/2024\/03\/energy-efficiency-scaled.webp\" data-bg-gradient=\"linear-gradient(180deg, hsla(var(--awb-color2-h),var(--awb-color2-s),var(--awb-color2-l),calc(var(--awb-color2-a) - 80%)) 0%,var(--awb-color2) 100%)\"><\/span><\/a><\/span><div class=\"fusion-column-wrapper fusion-column-has-shadow fusion-flex-justify-content-flex-start fusion-content-layout-column fusion-column-has-bg-image\" data-bg-url=\"https:\/\/livinsoft.com\/wp-content\/uploads\/2024\/03\/energy-efficiency-scaled.webp\"><div class=\"fusion-title title fusion-title-11 fusion-sep-none fusion-title-text fusion-title-size-div\" style=\"--awb-text-color:var(--awb-color1);--awb-margin-bottom:8vw;--awb-font-size:var(--awb-typography2-font-size);\"><div class=\"fusion-title-heading title-heading-left title-heading-tag\" style=\"font-family:var(--awb-typography2-font-family);font-weight:var(--awb-typography2-font-weight);font-style:var(--awb-typography2-font-style);margin:0;font-size:1em;letter-spacing:var(--awb-typography2-letter-spacing);text-transform:var(--awb-typography2-text-transform);line-height:var(--awb-typography2-line-height);\">.<\/div><\/div><div class=\"fusion-separator fusion-full-width-sep\" style=\"align-self: center;margin-left: auto;margin-right: auto;flex-grow:1;width:100%;\"><\/div><div class=\"fusion-title title fusion-title-12 fusion-sep-none fusion-title-text fusion-title-size-four\" style=\"--awb-text-color:var(--awb-color1);--awb-margin-bottom:30px;--awb-margin-left:-2px;\"><h4 class=\"fusion-title-heading title-heading-left\" style=\"margin:0;\">\u00d6\u011frenci Konaklamas\u0131nda Enerji Verimlili\u011finin Maksimize Edilmesi<\/h4><\/div><\/div><\/li>\n<\/ul><div class=\"fusion-infinite-scroll-trigger\"><\/div><div class=\"pagination infinite-scroll clearfix\" style=\"display:none;\"><span class=\"current\">1<\/span><a href=\"https:\/\/livinsoft.com\/tr\/wp-json\/wp\/v2\/pages\/2656\/page\/2\/\" class=\"inactive\">2<\/a><a class=\"pagination-next\" rel=\"next\" href=\"https:\/\/livinsoft.com\/tr\/wp-json\/wp\/v2\/pages\/2656\/page\/2\/\"><span class=\"page-text\">Next<\/span><span class=\"page-next\"><\/span><\/a><\/div><div class=\"fusion-clearfix\"><\/div><button class=\"fusion-load-more-button fusion-product-button fusion-clearfix\">Load More Yaz\u0131lar<\/button><\/div><\/div><\/div><\/div><\/div>","protected":false},"excerpt":{"rendered":"<p>yes<\/p>","protected":false},"author":1,"featured_media":0,"parent":0,"menu_order":0,"comment_status":"closed","ping_status":"closed","template":"100-width.php","meta":{"content-type":"","footnotes":""},"class_list":["post-2656","page","type-page","status-publish","hentry"],"yoast_head":"<!-- This site is optimized with the Yoast SEO Premium plugin v24.0 (Yoast SEO v24.0) - https:\/\/yoast.com\/wordpress\/plugins\/seo\/ -->\n<title>Blog - Livinsoft<\/title>\n<meta name=\"description\" content=\"Explore our blog for the latest insights on student accommodation trends, technology advancements, effective marketing strategies, and more.\" \/>\n<meta name=\"robots\" content=\"index, follow, max-snippet:-1, max-image-preview:large, max-video-preview:-1\" \/>\n<link rel=\"canonical\" href=\"https:\/\/livinsoft.com\/tr\/blog\/\" \/>\n<meta property=\"og:locale\" content=\"tr_TR\" \/>\n<meta property=\"og:type\" content=\"article\" \/>\n<meta property=\"og:title\" content=\"Blog\" \/>\n<meta property=\"og:description\" content=\"Explore our blog for the latest insights on student accommodation trends, technology advancements, effective marketing strategies, and more.\" \/>\n<meta property=\"og:url\" content=\"https:\/\/livinsoft.com\/tr\/blog\/\" \/>\n<meta property=\"og:site_name\" content=\"Livinsoft\" \/>\n<meta property=\"article:publisher\" content=\"https:\/\/www.facebook.com\/livinsoft\" \/>\n<meta property=\"article:modified_time\" content=\"2024-07-10T08:00:51+00:00\" \/>\n<meta name=\"twitter:card\" content=\"summary_large_image\" \/>\n<meta name=\"twitter:site\" content=\"@livinsoft\" \/>\n<meta name=\"twitter:label1\" content=\"Tahmini okuma s\u00fcresi\" \/>\n\t<meta name=\"twitter:data1\" content=\"1 dakika\" \/>\n<script type=\"application\/ld+json\" class=\"yoast-schema-graph\">{\"@context\":\"https:\/\/schema.org\",\"@graph\":[{\"@type\":\"WebPage\",\"@id\":\"https:\/\/livinsoft.com\/blog\/\",\"url\":\"https:\/\/livinsoft.com\/blog\/\",\"name\":\"Blog - Livinsoft\",\"isPartOf\":{\"@id\":\"https:\/\/livinsoft.com\/#website\"},\"datePublished\":\"2023-11-24T06:28:42+00:00\",\"dateModified\":\"2024-07-10T08:00:51+00:00\",\"description\":\"Explore our blog for the latest insights on student accommodation trends, technology advancements, effective marketing strategies, and more.\",\"breadcrumb\":{\"@id\":\"https:\/\/livinsoft.com\/blog\/#breadcrumb\"},\"inLanguage\":\"tr\",\"potentialAction\":[{\"@type\":\"ReadAction\",\"target\":[\"https:\/\/livinsoft.com\/blog\/\"]}]},{\"@type\":\"BreadcrumbList\",\"@id\":\"https:\/\/livinsoft.com\/blog\/#breadcrumb\",\"itemListElement\":[{\"@type\":\"ListItem\",\"position\":1,\"name\":\"Home\",\"item\":\"https:\/\/livinsoft.com\/\"},{\"@type\":\"ListItem\",\"position\":2,\"name\":\"Blog\"}]},{\"@type\":\"WebSite\",\"@id\":\"https:\/\/livinsoft.com\/#website\",\"url\":\"https:\/\/livinsoft.com\/\",\"name\":\"Livinsoft\",\"description\":\"\",\"publisher\":{\"@id\":\"https:\/\/livinsoft.com\/#organization\"},\"potentialAction\":[{\"@type\":\"SearchAction\",\"target\":{\"@type\":\"EntryPoint\",\"urlTemplate\":\"https:\/\/livinsoft.com\/?s={search_term_string}\"},\"query-input\":{\"@type\":\"PropertyValueSpecification\",\"valueRequired\":true,\"valueName\":\"search_term_string\"}}],\"inLanguage\":\"tr\"},{\"@type\":\"Organization\",\"@id\":\"https:\/\/livinsoft.com\/#organization\",\"name\":\"Livinsoft\",\"url\":\"https:\/\/livinsoft.com\/\",\"logo\":{\"@type\":\"ImageObject\",\"inLanguage\":\"tr\",\"@id\":\"https:\/\/livinsoft.com\/#\/schema\/logo\/image\/\",\"url\":\"https:\/\/livinsoft.com\/wp-content\/uploads\/2023\/07\/livinsoft-logo.png\",\"contentUrl\":\"https:\/\/livinsoft.com\/wp-content\/uploads\/2023\/07\/livinsoft-logo.png\",\"width\":712,\"height\":178,\"caption\":\"Livinsoft\"},\"image\":{\"@id\":\"https:\/\/livinsoft.com\/#\/schema\/logo\/image\/\"},\"sameAs\":[\"https:\/\/www.facebook.com\/livinsoft\",\"https:\/\/x.com\/livinsoft\",\"https:\/\/www.instagram.com\/livinsoft\/\",\"https:\/\/www.youtube.com\/@livinsoft6624\",\"https:\/\/www.linkedin.com\/company\/13015422\/\"]}]}<\/script>\n<!-- \/ Yoast SEO Premium plugin. -->","yoast_head_json":{"title":"Blog - Livinsoft","description":"Explore our blog for the latest insights on student accommodation trends, technology advancements, effective marketing strategies, and more.","robots":{"index":"index","follow":"follow","max-snippet":"max-snippet:-1","max-image-preview":"max-image-preview:large","max-video-preview":"max-video-preview:-1"},"canonical":"https:\/\/livinsoft.com\/tr\/blog\/","og_locale":"tr_TR","og_type":"article","og_title":"Blog","og_description":"Explore our blog for the latest insights on student accommodation trends, technology advancements, effective marketing strategies, and more.","og_url":"https:\/\/livinsoft.com\/tr\/blog\/","og_site_name":"Livinsoft","article_publisher":"https:\/\/www.facebook.com\/livinsoft","article_modified_time":"2024-07-10T08:00:51+00:00","twitter_card":"summary_large_image","twitter_site":"@livinsoft","twitter_misc":{"Tahmini okuma s\u00fcresi":"1 dakika"},"schema":{"@context":"https:\/\/schema.org","@graph":[{"@type":"WebPage","@id":"https:\/\/livinsoft.com\/blog\/","url":"https:\/\/livinsoft.com\/blog\/","name":"Blog - Livinsoft","isPartOf":{"@id":"https:\/\/livinsoft.com\/#website"},"datePublished":"2023-11-24T06:28:42+00:00","dateModified":"2024-07-10T08:00:51+00:00","description":"Explore our blog for the latest insights on student accommodation trends, technology advancements, effective marketing strategies, and more.","breadcrumb":{"@id":"https:\/\/livinsoft.com\/blog\/#breadcrumb"},"inLanguage":"tr","potentialAction":[{"@type":"ReadAction","target":["https:\/\/livinsoft.com\/blog\/"]}]},{"@type":"BreadcrumbList","@id":"https:\/\/livinsoft.com\/blog\/#breadcrumb","itemListElement":[{"@type":"ListItem","position":1,"name":"Home","item":"https:\/\/livinsoft.com\/"},{"@type":"ListItem","position":2,"name":"Blog"}]},{"@type":"WebSite","@id":"https:\/\/livinsoft.com\/#website","url":"https:\/\/livinsoft.com\/","name":"Livinsoft","description":"","publisher":{"@id":"https:\/\/livinsoft.com\/#organization"},"potentialAction":[{"@type":"SearchAction","target":{"@type":"EntryPoint","urlTemplate":"https:\/\/livinsoft.com\/?s={search_term_string}"},"query-input":{"@type":"PropertyValueSpecification","valueRequired":true,"valueName":"search_term_string"}}],"inLanguage":"tr"},{"@type":"Organization","@id":"https:\/\/livinsoft.com\/#organization","name":"Livinsoft","url":"https:\/\/livinsoft.com\/","logo":{"@type":"ImageObject","inLanguage":"tr","@id":"https:\/\/livinsoft.com\/#\/schema\/logo\/image\/","url":"https:\/\/livinsoft.com\/wp-content\/uploads\/2023\/07\/livinsoft-logo.png","contentUrl":"https:\/\/livinsoft.com\/wp-content\/uploads\/2023\/07\/livinsoft-logo.png","width":712,"height":178,"caption":"Livinsoft"},"image":{"@id":"https:\/\/livinsoft.com\/#\/schema\/logo\/image\/"},"sameAs":["https:\/\/www.facebook.com\/livinsoft","https:\/\/x.com\/livinsoft","https:\/\/www.instagram.com\/livinsoft\/","https:\/\/www.youtube.com\/@livinsoft6624","https:\/\/www.linkedin.com\/company\/13015422\/"]}]}},"_links":{"self":[{"href":"https:\/\/livinsoft.com\/tr\/wp-json\/wp\/v2\/pages\/2656","targetHints":{"allow":["GET"]}}],"collection":[{"href":"https:\/\/livinsoft.com\/tr\/wp-json\/wp\/v2\/pages"}],"about":[{"href":"https:\/\/livinsoft.com\/tr\/wp-json\/wp\/v2\/types\/page"}],"author":[{"embeddable":true,"href":"https:\/\/livinsoft.com\/tr\/wp-json\/wp\/v2\/users\/1"}],"replies":[{"embeddable":true,"href":"https:\/\/livinsoft.com\/tr\/wp-json\/wp\/v2\/comments?post=2656"}],"version-history":[{"count":25,"href":"https:\/\/livinsoft.com\/tr\/wp-json\/wp\/v2\/pages\/2656\/revisions"}],"predecessor-version":[{"id":3859,"href":"https:\/\/livinsoft.com\/tr\/wp-json\/wp\/v2\/pages\/2656\/revisions\/3859"}],"wp:attachment":[{"href":"https:\/\/livinsoft.com\/tr\/wp-json\/wp\/v2\/media?parent=2656"}],"curies":[{"name":"wp","href":"https:\/\/api.w.org\/{rel}","templated":true}]}}