{"id":2913,"date":"2024-04-02T13:12:40","date_gmt":"2024-04-02T13:12:40","guid":{"rendered":"https:\/\/livinsoft.com\/?page_id=2913"},"modified":"2025-09-23T10:45:58","modified_gmt":"2025-09-23T10:45:58","slug":"price","status":"publish","type":"page","link":"https:\/\/livinsoft.com\/tr\/price\/","title":{"rendered":"Fiyat"},"content":{"rendered":"<div class=\"fusion-fullwidth fullwidth-box fusion-builder-row-1 fusion-flex-container has-pattern-background has-mask-background nonhundred-percent-fullwidth non-hundred-percent-height-scrolling\" style=\"--awb-border-radius-top-left:0px;--awb-border-radius-top-right:0px;--awb-border-radius-bottom-right:0px;--awb-border-radius-bottom-left:0px;--awb-flex-wrap:wrap;\" ><div class=\"fusion-builder-row fusion-row fusion-flex-align-items-flex-start fusion-flex-content-wrap\" style=\"max-width:1248px;margin-left: calc(-4% \/ 2 );margin-right: calc(-4% \/ 2 );\"><div class=\"fusion-layout-column fusion_builder_column fusion-builder-column-0 fusion_builder_column_1_2 1_2 fusion-flex-column fusion-flex-align-self-center\" style=\"--awb-padding-right:50px;--awb-bg-size:cover;--awb-width-large:50%;--awb-margin-top-large:0px;--awb-spacing-right-large:3.84%;--awb-margin-bottom-large:0px;--awb-spacing-left-large:3.84%;--awb-width-medium:50%;--awb-order-medium:0;--awb-spacing-right-medium:3.84%;--awb-spacing-left-medium:3.84%;--awb-width-small:100%;--awb-order-small:0;--awb-spacing-right-small:1.92%;--awb-spacing-left-small:1.92%;\" data-scroll-devices=\"small-visibility,medium-visibility,large-visibility\"><div class=\"fusion-column-wrapper fusion-column-has-shadow fusion-flex-justify-content-center fusion-content-layout-column\"><div class=\"fusion-title title fusion-title-1 fusion-sep-none fusion-title-text fusion-title-size-two fusion-text-has-stroke\" style=\"--awb-text-color:var(--awb-custom_color_1);--awb-text-stroke-color:var(--awb-custom_color_1);--awb-font-size:28px;\"><h2 class=\"fusion-title-heading title-heading-left\" style=\"font-family:&quot;Quicksand&quot;;font-style:normal;font-weight:700;margin:0;font-size:1em;\">Net ve Basit Fiyatland\u0131rma<\/h2><\/div><div class=\"fusion-title title fusion-title-2 fusion-sep-none fusion-title-text fusion-title-size-two fusion-text-has-stroke\" style=\"--awb-text-color:var(--awb-custom_color_1);--awb-margin-top:-20px;--awb-text-stroke-color:var(--awb-custom_color_1);--awb-font-size:18px;\"><h2 class=\"fusion-title-heading title-heading-left\" style=\"font-family:&quot;Quicksand&quot;;font-style:normal;font-weight:400;margin:0;font-size:1em;\">Tek \u00dccret, Gizli Maliyet Yok<\/h2><\/div><div class=\"fusion-text fusion-text-1\" style=\"--awb-font-size:18px;--awb-line-height:2;--awb-text-color:var(--awb-color6);--awb-text-font-family:&quot;Quicksand&quot;;--awb-text-font-style:normal;--awb-text-font-weight:400;\"><p>Livinsoft ile, g\u00fc\u00e7l\u00fc \u00f6zellikler sunan uygun fiyatl\u0131 bir m\u00fclk y\u00f6netim yaz\u0131l\u0131m\u0131na sahip olursunuz \u2013 hem de gizli \u00fccretler olmadan. \u015eeffaf fiyatland\u0131rma modelimiz sayesinde, yaln\u0131zca net ve anla\u015f\u0131l\u0131r bir \u00fccret \u00f6dersiniz; ek masraflar veya s\u00fcrprizler yok. Operasyonlar\u0131n\u0131z\u0131 optimize eden g\u00fc\u00e7l\u00fc bir m\u00fclk y\u00f6netim yaz\u0131l\u0131m\u0131n\u0131, b\u00fct\u00e7enizi zorlamadan kullanman\u0131n keyfini ya\u015fay\u0131n.<\/p>\n<p><strong>Neden Tek Fiyat?<\/strong><\/p>\n<p>Biliyoruz ki m\u00fclk y\u00f6netimi olduk\u00e7a karma\u015f\u0131k olabilir, ancak kulland\u0131\u011f\u0131n\u0131z yaz\u0131l\u0131m\u0131n fiyatland\u0131rmas\u0131 karma\u015f\u0131k olmamal\u0131. Tek fiyat modeliyle, ihtiyac\u0131n\u0131z olan t\u00fcm temel \u00f6zelliklere kolayca eri\u015firsiniz; katmanl\u0131 paketler veya eksik kalan fonksiyonlar hakk\u0131nda endi\u015fe etmenize gerek kalmaz. Siz m\u00fclklerinizi verimli bir \u015fekilde y\u00f6netmeye odaklan\u0131n, biz yaz\u0131l\u0131m\u0131n\u0131z\u0131n basit ve eri\u015filebilir kalmas\u0131n\u0131 sa\u011flayal\u0131m.<\/p>\n<\/div><\/div><\/div><div class=\"fusion-layout-column fusion_builder_column fusion-builder-column-1 fusion_builder_column_1_2 1_2 fusion-flex-column\" style=\"--awb-bg-size:cover;--awb-width-large:50%;--awb-margin-top-large:0px;--awb-spacing-right-large:3.84%;--awb-margin-bottom-large:0px;--awb-spacing-left-large:3.84%;--awb-width-medium:50%;--awb-order-medium:0;--awb-spacing-right-medium:3.84%;--awb-spacing-left-medium:3.84%;--awb-width-small:100%;--awb-order-small:0;--awb-spacing-right-small:1.92%;--awb-spacing-left-small:1.92%;\"><div class=\"fusion-column-wrapper fusion-column-has-shadow fusion-flex-justify-content-flex-start fusion-content-layout-column\"><div class=\"fusion-text fusion-text-2\">    <div class=\"container\" style=\"max-width: 100%; padding: 10%;\">\n        <h1 style=\"font-family: Quicksand; font-size: 24px; color: #00205e;\">Fiyatlama<\/h1>\n        <div class=\"slider-container\">\n            <label for=\"bed-slider\" style=\"font-family: Quicksand; font-size: 18px; color: #000000;\">Kapasite: \n                <span id=\"bed-count\">1<\/span>\n            <\/label>\n            <input type=\"range\" id=\"bed-slider\" min=\"100\" max=\"5000\" value=\"1\" style=\"background: #00205e; margin-left: 10px;\">\n            <input type=\"number\" id=\"bed-count-input\" min=\"100\" max=\"5000\" value=\"1\" style=\"width: 100px; margin-left: 10px; background: #ffffff; color: #00205e;\">\n        <\/div>\n        <div class=\"pricing\">\n            <h2 style=\"font-family: Quicksand; font-size: 24px; color: #00205e;\">Toplam<\/h2>\n            <div class=\"switch-container\">\n                <label class=\"switch\">\n                    <input type=\"checkbox\" id=\"billing-cycle-switch\" checked>\n                    <span class=\"slider round\"><\/span>\n                <\/label>\n                <span id=\"billing-cycle-text\" style=\"color: #00205e; font-family: Quicksand; font-size: 16px;\"><\/span>\n            <\/div>\n            <p style=\"font-family: Quicksand; font-size: 18px; color: #000000;\">Total Yearly Price: <span id=\"total-price\">$1.00<\/span> \/ <span id=\"billing-type\"><\/span><\/p>\n            <button id=\"action-button\" style=\"display: none; background-color: #00205e;\">Get Started<\/button>\n        <\/div>\n    <\/div>\n    \n<\/div><div style=\"text-align:center;\"><a class=\"fusion-button button-flat fusion-button-default-size button-default fusion-button-default button-1 fusion-button-default-span fusion-button-default-type\" style=\"--button_margin-top:10px;--button_margin-right:30px;\" target=\"_self\" href=\"https:\/\/livinsoft.com\/tr\/request-a-demo\/\"><span class=\"fusion-button-text\">\u015eimdi Deneyin<\/span><\/a><\/div><\/div><\/div><\/div><\/div>","protected":false},"excerpt":{"rendered":"","protected":false},"author":1,"featured_media":0,"parent":0,"menu_order":0,"comment_status":"closed","ping_status":"closed","template":"100-width.php","meta":{"content-type":"","footnotes":""},"class_list":["post-2913","page","type-page","status-publish","hentry"],"yoast_head":"<!-- This site is optimized with the Yoast SEO Premium plugin v24.0 (Yoast SEO v24.0) - https:\/\/yoast.com\/wordpress\/plugins\/seo\/ -->\n<title>Price - Livinsoft<\/title>\n<meta name=\"description\" content=\"Get all-in-one property management software with one transparent fee and no hidden costs. Simplify management today!\" \/>\n<meta name=\"robots\" content=\"index, follow, max-snippet:-1, max-image-preview:large, max-video-preview:-1\" \/>\n<link rel=\"canonical\" href=\"https:\/\/livinsoft.com\/tr\/price\/\" \/>\n<meta property=\"og:locale\" content=\"tr_TR\" \/>\n<meta property=\"og:type\" content=\"article\" \/>\n<meta property=\"og:title\" content=\"Price\" \/>\n<meta property=\"og:description\" content=\"Get all-in-one property management software with one transparent fee and no hidden costs. Simplify management today!\" \/>\n<meta property=\"og:url\" content=\"https:\/\/livinsoft.com\/tr\/price\/\" \/>\n<meta property=\"og:site_name\" content=\"Livinsoft\" \/>\n<meta property=\"article:publisher\" content=\"https:\/\/www.facebook.com\/livinsoft\" \/>\n<meta property=\"article:modified_time\" content=\"2025-09-23T10:45:58+00:00\" \/>\n<meta name=\"twitter:card\" content=\"summary_large_image\" \/>\n<meta name=\"twitter:site\" content=\"@livinsoft\" \/>\n<meta name=\"twitter:label1\" content=\"Tahmini okuma s\u00fcresi\" \/>\n\t<meta name=\"twitter:data1\" content=\"1 dakika\" \/>\n<script type=\"application\/ld+json\" class=\"yoast-schema-graph\">{\"@context\":\"https:\/\/schema.org\",\"@graph\":[{\"@type\":\"WebPage\",\"@id\":\"https:\/\/livinsoft.com\/price\/\",\"url\":\"https:\/\/livinsoft.com\/price\/\",\"name\":\"Price - Livinsoft\",\"isPartOf\":{\"@id\":\"https:\/\/livinsoft.com\/#website\"},\"datePublished\":\"2024-04-02T13:12:40+00:00\",\"dateModified\":\"2025-09-23T10:45:58+00:00\",\"description\":\"Get all-in-one property management software with one transparent fee and no hidden costs. Simplify management today!\",\"breadcrumb\":{\"@id\":\"https:\/\/livinsoft.com\/price\/#breadcrumb\"},\"inLanguage\":\"tr\",\"potentialAction\":[{\"@type\":\"ReadAction\",\"target\":[\"https:\/\/livinsoft.com\/price\/\"]}]},{\"@type\":\"BreadcrumbList\",\"@id\":\"https:\/\/livinsoft.com\/price\/#breadcrumb\",\"itemListElement\":[{\"@type\":\"ListItem\",\"position\":1,\"name\":\"Home\",\"item\":\"https:\/\/livinsoft.com\/\"},{\"@type\":\"ListItem\",\"position\":2,\"name\":\"Price\"}]},{\"@type\":\"WebSite\",\"@id\":\"https:\/\/livinsoft.com\/#website\",\"url\":\"https:\/\/livinsoft.com\/\",\"name\":\"Livinsoft\",\"description\":\"\",\"publisher\":{\"@id\":\"https:\/\/livinsoft.com\/#organization\"},\"potentialAction\":[{\"@type\":\"SearchAction\",\"target\":{\"@type\":\"EntryPoint\",\"urlTemplate\":\"https:\/\/livinsoft.com\/?s={search_term_string}\"},\"query-input\":{\"@type\":\"PropertyValueSpecification\",\"valueRequired\":true,\"valueName\":\"search_term_string\"}}],\"inLanguage\":\"tr\"},{\"@type\":\"Organization\",\"@id\":\"https:\/\/livinsoft.com\/#organization\",\"name\":\"Livinsoft\",\"url\":\"https:\/\/livinsoft.com\/\",\"logo\":{\"@type\":\"ImageObject\",\"inLanguage\":\"tr\",\"@id\":\"https:\/\/livinsoft.com\/#\/schema\/logo\/image\/\",\"url\":\"https:\/\/livinsoft.com\/wp-content\/uploads\/2023\/07\/livinsoft-logo.png\",\"contentUrl\":\"https:\/\/livinsoft.com\/wp-content\/uploads\/2023\/07\/livinsoft-logo.png\",\"width\":712,\"height\":178,\"caption\":\"Livinsoft\"},\"image\":{\"@id\":\"https:\/\/livinsoft.com\/#\/schema\/logo\/image\/\"},\"sameAs\":[\"https:\/\/www.facebook.com\/livinsoft\",\"https:\/\/x.com\/livinsoft\",\"https:\/\/www.instagram.com\/livinsoft\/\",\"https:\/\/www.youtube.com\/@livinsoft6624\",\"https:\/\/www.linkedin.com\/company\/13015422\/\"]}]}<\/script>\n<!-- \/ Yoast SEO Premium plugin. -->","yoast_head_json":{"title":"Price - Livinsoft","description":"Get all-in-one property management software with one transparent fee and no hidden costs. Simplify management today!","robots":{"index":"index","follow":"follow","max-snippet":"max-snippet:-1","max-image-preview":"max-image-preview:large","max-video-preview":"max-video-preview:-1"},"canonical":"https:\/\/livinsoft.com\/tr\/price\/","og_locale":"tr_TR","og_type":"article","og_title":"Price","og_description":"Get all-in-one property management software with one transparent fee and no hidden costs. Simplify management today!","og_url":"https:\/\/livinsoft.com\/tr\/price\/","og_site_name":"Livinsoft","article_publisher":"https:\/\/www.facebook.com\/livinsoft","article_modified_time":"2025-09-23T10:45:58+00:00","twitter_card":"summary_large_image","twitter_site":"@livinsoft","twitter_misc":{"Tahmini okuma s\u00fcresi":"1 dakika"},"schema":{"@context":"https:\/\/schema.org","@graph":[{"@type":"WebPage","@id":"https:\/\/livinsoft.com\/price\/","url":"https:\/\/livinsoft.com\/price\/","name":"Price - Livinsoft","isPartOf":{"@id":"https:\/\/livinsoft.com\/#website"},"datePublished":"2024-04-02T13:12:40+00:00","dateModified":"2025-09-23T10:45:58+00:00","description":"Get all-in-one property management software with one transparent fee and no hidden costs. Simplify management today!","breadcrumb":{"@id":"https:\/\/livinsoft.com\/price\/#breadcrumb"},"inLanguage":"tr","potentialAction":[{"@type":"ReadAction","target":["https:\/\/livinsoft.com\/price\/"]}]},{"@type":"BreadcrumbList","@id":"https:\/\/livinsoft.com\/price\/#breadcrumb","itemListElement":[{"@type":"ListItem","position":1,"name":"Home","item":"https:\/\/livinsoft.com\/"},{"@type":"ListItem","position":2,"name":"Price"}]},{"@type":"WebSite","@id":"https:\/\/livinsoft.com\/#website","url":"https:\/\/livinsoft.com\/","name":"Livinsoft","description":"","publisher":{"@id":"https:\/\/livinsoft.com\/#organization"},"potentialAction":[{"@type":"SearchAction","target":{"@type":"EntryPoint","urlTemplate":"https:\/\/livinsoft.com\/?s={search_term_string}"},"query-input":{"@type":"PropertyValueSpecification","valueRequired":true,"valueName":"search_term_string"}}],"inLanguage":"tr"},{"@type":"Organization","@id":"https:\/\/livinsoft.com\/#organization","name":"Livinsoft","url":"https:\/\/livinsoft.com\/","logo":{"@type":"ImageObject","inLanguage":"tr","@id":"https:\/\/livinsoft.com\/#\/schema\/logo\/image\/","url":"https:\/\/livinsoft.com\/wp-content\/uploads\/2023\/07\/livinsoft-logo.png","contentUrl":"https:\/\/livinsoft.com\/wp-content\/uploads\/2023\/07\/livinsoft-logo.png","width":712,"height":178,"caption":"Livinsoft"},"image":{"@id":"https:\/\/livinsoft.com\/#\/schema\/logo\/image\/"},"sameAs":["https:\/\/www.facebook.com\/livinsoft","https:\/\/x.com\/livinsoft","https:\/\/www.instagram.com\/livinsoft\/","https:\/\/www.youtube.com\/@livinsoft6624","https:\/\/www.linkedin.com\/company\/13015422\/"]}]}},"_links":{"self":[{"href":"https:\/\/livinsoft.com\/tr\/wp-json\/wp\/v2\/pages\/2913","targetHints":{"allow":["GET"]}}],"collection":[{"href":"https:\/\/livinsoft.com\/tr\/wp-json\/wp\/v2\/pages"}],"about":[{"href":"https:\/\/livinsoft.com\/tr\/wp-json\/wp\/v2\/types\/page"}],"author":[{"embeddable":true,"href":"https:\/\/livinsoft.com\/tr\/wp-json\/wp\/v2\/users\/1"}],"replies":[{"embeddable":true,"href":"https:\/\/livinsoft.com\/tr\/wp-json\/wp\/v2\/comments?post=2913"}],"version-history":[{"count":68,"href":"https:\/\/livinsoft.com\/tr\/wp-json\/wp\/v2\/pages\/2913\/revisions"}],"predecessor-version":[{"id":4173,"href":"https:\/\/livinsoft.com\/tr\/wp-json\/wp\/v2\/pages\/2913\/revisions\/4173"}],"wp:attachment":[{"href":"https:\/\/livinsoft.com\/tr\/wp-json\/wp\/v2\/media?parent=2913"}],"curies":[{"name":"wp","href":"https:\/\/api.w.org\/{rel}","templated":true}]}}