{"id":3238,"date":"2024-05-10T11:48:02","date_gmt":"2024-05-10T11:48:02","guid":{"rendered":"https:\/\/livinsoft.com\/?page_id=3238"},"modified":"2024-07-05T14:10:44","modified_gmt":"2024-07-05T14:10:44","slug":"customer-stories","status":"publish","type":"page","link":"https:\/\/livinsoft.com\/tr\/customer-stories\/","title":{"rendered":"Kaynaklar"},"content":{"rendered":"<p><div class=\"fusion-fullwidth fullwidth-box fusion-builder-row-1 fusion-flex-container has-pattern-background has-mask-background hundred-percent-fullwidth non-hundred-percent-height-scrolling\" style=\"--awb-border-radius-top-left:0px;--awb-border-radius-top-right:0px;--awb-border-radius-bottom-right:0px;--awb-border-radius-bottom-left:0px;--awb-margin-top:-50px;--awb-flex-wrap:wrap;\" ><div class=\"fusion-builder-row fusion-row fusion-flex-align-items-flex-start fusion-flex-content-wrap\" style=\"width:104% !important;max-width:104% !important;margin-left: calc(-4% \/ 2 );margin-right: calc(-4% \/ 2 );\"><div class=\"fusion-layout-column fusion_builder_column fusion-builder-column-0 fusion_builder_column_1_1 1_1 fusion-flex-column fusion-flex-align-self-center\" style=\"--awb-padding-top:25px;--awb-padding-right:25px;--awb-padding-bottom:25px;--awb-padding-left:25px;--awb-overflow:hidden;--awb-bg-color:var(--awb-custom_color_1);--awb-bg-color-hover:var(--awb-custom_color_1);--awb-bg-size:cover;--awb-border-radius:25px 25px 25px 25px;--awb-width-large:100%;--awb-margin-top-large:0px;--awb-spacing-right-large:8.16%;--awb-margin-bottom-large:0px;--awb-spacing-left-large:8.16%;--awb-width-medium:100%;--awb-order-medium:0;--awb-spacing-right-medium:8.16%;--awb-spacing-left-medium:8.16%;--awb-width-small:100%;--awb-order-small:0;--awb-spacing-right-small:1.92%;--awb-spacing-left-small:1.92%;\" data-scroll-devices=\"small-visibility,medium-visibility,large-visibility\"><div class=\"fusion-column-wrapper fusion-column-has-shadow fusion-flex-justify-content-center fusion-content-layout-column\"><div class=\"fusion-builder-row fusion-builder-row-inner fusion-row fusion-flex-align-items-flex-start fusion-flex-content-wrap\" style=\"width:104% !important;max-width:104% !important;margin-left: calc(-4% \/ 2 );margin-right: calc(-4% \/ 2 );\"><div class=\"fusion-layout-column fusion_builder_column_inner fusion-builder-nested-column-0 fusion_builder_column_inner_1_2 1_2 fusion-flex-column fusion-flex-align-self-center\" style=\"--awb-padding-right:5%;--awb-padding-left:5%;--awb-bg-size:cover;--awb-width-large:50%;--awb-margin-top-large:0px;--awb-spacing-right-large:3.84%;--awb-margin-bottom-large:0px;--awb-spacing-left-large:3.84%;--awb-width-medium:50%;--awb-order-medium:0;--awb-spacing-right-medium:3.84%;--awb-spacing-left-medium:3.84%;--awb-width-small:100%;--awb-order-small:0;--awb-spacing-right-small:1.92%;--awb-spacing-left-small:1.92%;\" data-scroll-devices=\"small-visibility,medium-visibility,large-visibility\"><div class=\"fusion-column-wrapper fusion-column-has-shadow fusion-flex-justify-content-center fusion-content-layout-column\"><div class=\"fusion-title title fusion-title-1 fusion-sep-none fusion-title-text fusion-title-size-one\" style=\"--awb-text-color:var(--awb-color3);--awb-margin-left:100px;\"><h1 class=\"fusion-title-heading title-heading-left\" style=\"margin:0;line-height:0.6;\"><h1>Kaynaklar<\/h1><\/h1><\/div><div class=\"fusion-text fusion-text-1 fusion-text-no-margin\" style=\"--awb-font-size:16px;--awb-line-height:24px;--awb-text-color:var(--awb-color3);--awb-margin-right:50px;--awb-margin-bottom:10px;--awb-margin-left:100px;--awb-text-font-family:&quot;Quicksand&quot;;--awb-text-font-style:normal;--awb-text-font-weight:400;\"><p><span style=\"color: #ffffff;\">Y\u00f6netim yaz\u0131l\u0131m\u0131m\u0131z\u0131 kullanarak operasyonlar\u0131n\u0131 d\u00f6n\u00fc\u015ft\u00fcren ve deneyimlerini iyile\u015ftiren m\u00fc\u015fterilerimizin ilham verici hik\u00e2yelerini payla\u015f\u0131yoruz. Onlar\u0131n yolculuklar\u0131na g\u00f6z at\u0131n ve \u00e7\u00f6z\u00fcmlerimizin i\u015finizi nas\u0131l d\u00f6n\u00fc\u015ft\u00fcrebilece\u011fini ke\u015ffedin.<\/span><\/p>\n<\/div><\/div><\/div><div class=\"fusion-layout-column fusion_builder_column_inner fusion-builder-nested-column-1 fusion_builder_column_inner_1_2 1_2 fusion-flex-column\" style=\"--awb-bg-size:cover;--awb-width-large:50%;--awb-margin-top-large:0px;--awb-spacing-right-large:3.84%;--awb-margin-bottom-large:0px;--awb-spacing-left-large:3.84%;--awb-width-medium:50%;--awb-order-medium:0;--awb-spacing-right-medium:3.84%;--awb-spacing-left-medium:3.84%;--awb-width-small:100%;--awb-order-small:0;--awb-spacing-right-small:1.92%;--awb-spacing-left-small:1.92%;\"><div class=\"fusion-column-wrapper fusion-column-has-shadow fusion-flex-justify-content-flex-start fusion-content-layout-column\"><div class=\"fusion-image-element\" style=\"--awb-max-width:400px;--awb-caption-title-font-family:var(--h2_typography-font-family);--awb-caption-title-font-weight:var(--h2_typography-font-weight);--awb-caption-title-font-style:var(--h2_typography-font-style);--awb-caption-title-size:var(--h2_typography-font-size);--awb-caption-title-transform:var(--h2_typography-text-transform);--awb-caption-title-line-height:var(--h2_typography-line-height);--awb-caption-title-letter-spacing:var(--h2_typography-letter-spacing);\"><span class=\"fusion-imageframe imageframe-none imageframe-1 hover-type-none\"><img decoding=\"async\" width=\"600\" height=\"581\" alt=\"customer stories\" title=\"block-floor-plans\" src=\"https:\/\/livinsoft.com\/wp-content\/uploads\/2023\/09\/block-floor-plans-3.png\" data-orig-src=\"https:\/\/livinsoft.com\/wp-content\/uploads\/2023\/09\/block-floor-plans-3.png\" class=\"lazyload img-responsive wp-image-2414\" srcset=\"data:image\/svg+xml,%3Csvg%20xmlns%3D%27http%3A%2F%2Fwww.w3.org%2F2000%2Fsvg%27%20width%3D%27600%27%20height%3D%27581%27%20viewBox%3D%270%200%20600%20581%27%3E%3Crect%20width%3D%27600%27%20height%3D%27581%27%20fill-opacity%3D%220%22%2F%3E%3C%2Fsvg%3E\" data-srcset=\"https:\/\/livinsoft.com\/wp-content\/uploads\/2023\/09\/block-floor-plans-3-200x194.png 200w, https:\/\/livinsoft.com\/wp-content\/uploads\/2023\/09\/block-floor-plans-3-400x387.png 400w, https:\/\/livinsoft.com\/wp-content\/uploads\/2023\/09\/block-floor-plans-3.png 600w\" data-sizes=\"auto\" data-orig-sizes=\"(max-width: 718px) 100vw, 600px\" \/><\/span><\/div><\/div><\/div><\/div><\/div><\/div><\/div><\/div><div class=\"fusion-fullwidth fullwidth-box fusion-builder-row-2 fusion-flex-container has-pattern-background has-mask-background hundred-percent-fullwidth non-hundred-percent-height-scrolling\" style=\"--awb-border-radius-top-left:0px;--awb-border-radius-top-right:0px;--awb-border-radius-bottom-right:0px;--awb-border-radius-bottom-left:0px;--awb-margin-top:10px;--awb-background-color:rgba(0,22,4,0.06);--awb-flex-wrap:wrap;\" ><div class=\"fusion-builder-row fusion-row fusion-flex-align-items-flex-start fusion-flex-content-wrap\" style=\"width:104% !important;max-width:104% !important;margin-left: calc(-4% \/ 2 );margin-right: calc(-4% \/ 2 );\"><div class=\"fusion-layout-column fusion_builder_column fusion-builder-column-1 fusion_builder_column_1_1 1_1 fusion-flex-column\" style=\"--awb-padding-right:12%;--awb-padding-left:12%;--awb-bg-size:cover;--awb-width-large:100%;--awb-margin-top-large:0px;--awb-spacing-right-large:1.92%;--awb-margin-bottom-large:0px;--awb-spacing-left-large:1.92%;--awb-width-medium:100%;--awb-order-medium:0;--awb-spacing-right-medium:1.92%;--awb-spacing-left-medium:1.92%;--awb-width-small:100%;--awb-order-small:0;--awb-spacing-right-small:1.92%;--awb-spacing-left-small:1.92%;\" data-scroll-devices=\"small-visibility,medium-visibility,large-visibility\"><div class=\"fusion-column-wrapper fusion-column-has-shadow fusion-flex-justify-content-flex-start fusion-content-layout-column\"><div class=\"fusion-counters-box counters-box row fusion-clearfix fusion-columns-3\" style=\"--awb-margin-right:12%;--awb-margin-left:12%;--awb-body-color:var(--awb-color6);--awb-body-size:20;--awb-border-color:rgba(0,22,4,0);--awb-color:var(--awb-color6);--awb-title-size:70;--awb-icon-size:100;--awb-border-color:rgba(0,22,4,0);\"><div class=\"fusion-counter-box fusion-column col-counter-box counter-box-wrapper col-lg-4 col-md-4 col-sm-4\" data-animationoffset=\"top-into-view\"><div class=\"counter-box-container\"><div class=\"content-box-percentage content-box-counter\"><span class=\"display-counter\" data-value=\"100\" data-direction=\"up\" data-decimals=\"0\">0<\/span><span class=\"unit\">k+ <\/span><\/div><div class=\"counter-box-content\">Y\u00f6netilen Yatak Say\u0131s\u0131<\/div><\/div><\/div><div class=\"fusion-counter-box fusion-column col-counter-box counter-box-wrapper col-lg-4 col-md-4 col-sm-4\" data-animationoffset=\"top-into-view\"><div class=\"counter-box-container\"><div class=\"content-box-percentage content-box-counter\"><span class=\"display-counter\" data-value=\"120\" data-direction=\"up\" data-decimals=\"0\">0<\/span><span class=\"unit\">+ <\/span><\/div><div class=\"counter-box-content\">\u0130\u015fletme<\/div><\/div><\/div><div class=\"fusion-counter-box fusion-column col-counter-box counter-box-wrapper col-lg-4 col-md-4 col-sm-4\" data-animationoffset=\"top-into-view\"><div class=\"counter-box-container\"><div class=\"content-box-percentage content-box-counter\"><span class=\"display-counter\" data-value=\"12\" data-direction=\"up\" data-decimals=\"0\">0<\/span><span class=\"unit\">+<\/span><\/div><div class=\"counter-box-content\">\u00dclke<\/div><\/div><\/div><\/div><\/div><\/div><\/div><\/div><div class=\"fusion-fullwidth fullwidth-box fusion-builder-row-3 fusion-flex-container has-pattern-background has-mask-background nonhundred-percent-fullwidth non-hundred-percent-height-scrolling\" style=\"--awb-border-radius-top-left:0px;--awb-border-radius-top-right:0px;--awb-border-radius-bottom-right:0px;--awb-border-radius-bottom-left:0px;--awb-padding-top:50px;--awb-padding-right:50px;--awb-padding-bottom:50px;--awb-padding-left:50px;--awb-flex-wrap:wrap;\" ><div class=\"fusion-builder-row fusion-row fusion-flex-align-items-flex-start fusion-flex-content-wrap\" style=\"max-width:1248px;margin-left: calc(-4% \/ 2 );margin-right: calc(-4% \/ 2 );\"><div class=\"fusion-layout-column fusion_builder_column fusion-builder-column-2 fusion_builder_column_1_3 1_3 fusion-flex-column\" style=\"--awb-bg-size:cover;--awb-width-large:33.333333333333%;--awb-margin-top-large:0px;--awb-spacing-right-large:5.76%;--awb-margin-bottom-large:0px;--awb-spacing-left-large:5.76%;--awb-width-medium:33.333333333333%;--awb-order-medium:0;--awb-spacing-right-medium:5.76%;--awb-spacing-left-medium:5.76%;--awb-width-small:100%;--awb-order-small:0;--awb-spacing-right-small:1.92%;--awb-spacing-left-small:1.92%;\"><div class=\"fusion-column-wrapper fusion-column-has-shadow fusion-flex-justify-content-flex-start fusion-content-layout-column\"><div class=\"fusion-image-element\" style=\"text-align:center;--awb-caption-title-font-family:var(--h2_typography-font-family);--awb-caption-title-font-weight:var(--h2_typography-font-weight);--awb-caption-title-font-style:var(--h2_typography-font-style);--awb-caption-title-size:var(--h2_typography-font-size);--awb-caption-title-transform:var(--h2_typography-text-transform);--awb-caption-title-line-height:var(--h2_typography-line-height);--awb-caption-title-letter-spacing:var(--h2_typography-letter-spacing);\"><span class=\"fusion-imageframe imageframe-none imageframe-2 hover-type-none\"><img decoding=\"async\" width=\"800\" height=\"600\" alt=\"Residorm student dormitory room\" title=\"Residorm-2-Kis\u0327ilik-Oda1\" src=\"https:\/\/livinsoft.com\/wp-content\/uploads\/2024\/05\/Residorm-2-Kisilik-Oda1.jpg\" data-orig-src=\"https:\/\/livinsoft.com\/wp-content\/uploads\/2024\/05\/Residorm-2-Kisilik-Oda1.jpg\" class=\"lazyload img-responsive wp-image-3254\" srcset=\"data:image\/svg+xml,%3Csvg%20xmlns%3D%27http%3A%2F%2Fwww.w3.org%2F2000%2Fsvg%27%20width%3D%27800%27%20height%3D%27600%27%20viewBox%3D%270%200%20800%20600%27%3E%3Crect%20width%3D%27800%27%20height%3D%27600%27%20fill-opacity%3D%220%22%2F%3E%3C%2Fsvg%3E\" data-srcset=\"https:\/\/livinsoft.com\/wp-content\/uploads\/2024\/05\/Residorm-2-Kisilik-Oda1-200x150.jpg 200w, https:\/\/livinsoft.com\/wp-content\/uploads\/2024\/05\/Residorm-2-Kisilik-Oda1-400x300.jpg 400w, https:\/\/livinsoft.com\/wp-content\/uploads\/2024\/05\/Residorm-2-Kisilik-Oda1-600x450.jpg 600w, https:\/\/livinsoft.com\/wp-content\/uploads\/2024\/05\/Residorm-2-Kisilik-Oda1.jpg 800w\" data-sizes=\"auto\" data-orig-sizes=\"(max-width: 718px) 100vw, 400px\" \/><\/span><\/div><div class=\"fusion-title title fusion-title-2 fusion-sep-none fusion-title-center fusion-title-text fusion-title-size-two\" style=\"--awb-text-color:var(--awb-custom_color_1);\"><h2 class=\"fusion-title-heading title-heading-center\" style=\"margin:0;\"><a href=\"https:\/\/livinsoft.com\/tr\/customer-stories\/residorm\/\">Residorm<\/a><\/h2><\/div><div class=\"fusion-text fusion-text-2\" style=\"--awb-font-size:14px;--awb-text-color:var(--awb-color6);--awb-text-font-family:&quot;Quicksand&quot;;--awb-text-font-style:normal;--awb-text-font-weight:400;\"><p>MV Holding taraf\u0131ndan kurulan Residorm, 2013 y\u0131l\u0131nda faaliyete ge\u00e7mi\u015f olup Bal\u0131kesir, K\u0131r\u0131kkale ve Mu\u011fla \u00dcniversitelerinde hizmet vermektedir.<\/p>\n<\/div><\/div><\/div><div class=\"fusion-layout-column fusion_builder_column fusion-builder-column-3 fusion_builder_column_1_3 1_3 fusion-flex-column\" style=\"--awb-bg-size:cover;--awb-width-large:33.333333333333%;--awb-margin-top-large:0px;--awb-spacing-right-large:5.76%;--awb-margin-bottom-large:0px;--awb-spacing-left-large:5.76%;--awb-width-medium:33.333333333333%;--awb-order-medium:0;--awb-spacing-right-medium:5.76%;--awb-spacing-left-medium:5.76%;--awb-width-small:100%;--awb-order-small:0;--awb-spacing-right-small:1.92%;--awb-spacing-left-small:1.92%;\"><div class=\"fusion-column-wrapper fusion-column-has-shadow fusion-flex-justify-content-flex-start fusion-content-layout-column\"><div class=\"fusion-image-element\" style=\"text-align:center;--awb-caption-title-font-family:var(--h2_typography-font-family);--awb-caption-title-font-weight:var(--h2_typography-font-weight);--awb-caption-title-font-style:var(--h2_typography-font-style);--awb-caption-title-size:var(--h2_typography-font-size);--awb-caption-title-transform:var(--h2_typography-text-transform);--awb-caption-title-line-height:var(--h2_typography-line-height);--awb-caption-title-letter-spacing:var(--h2_typography-letter-spacing);\"><span class=\"fusion-imageframe imageframe-none imageframe-3 hover-type-none\"><img decoding=\"async\" width=\"792\" height=\"587\" alt=\"Olive Living reception \" title=\"olive-living\" src=\"https:\/\/livinsoft.com\/wp-content\/uploads\/2024\/05\/olive-living-1-e1715342192270.webp\" data-orig-src=\"https:\/\/livinsoft.com\/wp-content\/uploads\/2024\/05\/olive-living-1-e1715342192270.webp\" class=\"lazyload img-responsive wp-image-3383\" srcset=\"data:image\/svg+xml,%3Csvg%20xmlns%3D%27http%3A%2F%2Fwww.w3.org%2F2000%2Fsvg%27%20width%3D%27792%27%20height%3D%27587%27%20viewBox%3D%270%200%20792%20587%27%3E%3Crect%20width%3D%27792%27%20height%3D%27587%27%20fill-opacity%3D%220%22%2F%3E%3C%2Fsvg%3E\" data-srcset=\"https:\/\/livinsoft.com\/wp-content\/uploads\/2024\/05\/olive-living-1-e1715342192270-200x148.webp 200w, https:\/\/livinsoft.com\/wp-content\/uploads\/2024\/05\/olive-living-1-e1715342192270-300x222.webp 300w, https:\/\/livinsoft.com\/wp-content\/uploads\/2024\/05\/olive-living-1-e1715342192270-400x296.webp 400w, https:\/\/livinsoft.com\/wp-content\/uploads\/2024\/05\/olive-living-1-e1715342192270-600x445.webp 600w, https:\/\/livinsoft.com\/wp-content\/uploads\/2024\/05\/olive-living-1-e1715342192270-768x569.webp 768w, https:\/\/livinsoft.com\/wp-content\/uploads\/2024\/05\/olive-living-1-e1715342192270.webp 792w\" data-sizes=\"auto\" data-orig-sizes=\"(max-width: 718px) 100vw, 400px\" \/><\/span><\/div><div class=\"fusion-title title fusion-title-3 fusion-sep-none fusion-title-center fusion-title-text fusion-title-size-two\" style=\"--awb-text-color:var(--awb-custom_color_1);\"><h2 class=\"fusion-title-heading title-heading-center\" style=\"margin:0;\"><a href=\"https:\/\/livinsoft.com\/tr\/customer-stories\/olive-living\/\">Olive Living<\/a><\/h2><\/div><div class=\"fusion-text fusion-text-3\" style=\"--awb-font-size:14px;--awb-text-color:var(--awb-color6);--awb-text-font-family:&quot;Quicksand&quot;;--awb-text-font-style:normal;--awb-text-font-weight:400;\"><p>2019 y\u0131l\u0131nda kurulan Olive by Embassy, Embassy Group\u2019un co-living ve konaklama alan\u0131ndaki markas\u0131d\u0131r. Y\u00f6netim, tasar\u0131m ve teknoloji gibi farkl\u0131 gelir modelleri sunan \u00e7ok markal\u0131 bir konaklama teknoloji platformu olarak faaliyet g\u00f6stermektedir.<\/p>\n<\/div><\/div><\/div><\/div><\/div><\/p>","protected":false},"excerpt":{"rendered":"","protected":false},"author":1,"featured_media":0,"parent":0,"menu_order":0,"comment_status":"closed","ping_status":"closed","template":"100-width.php","meta":{"content-type":"","footnotes":""},"class_list":["post-3238","page","type-page","status-publish","hentry"],"yoast_head":"<!-- This site is optimized with the Yoast SEO Premium plugin v24.0 (Yoast SEO v24.0) - https:\/\/yoast.com\/wordpress\/plugins\/seo\/ -->\n<title>Customer Stories - Livinsoft<\/title>\n<meta name=\"description\" content=\"Read customer stories of Livinsoft users and their experiences about our revolutionary property management software\" \/>\n<meta name=\"robots\" content=\"index, follow, max-snippet:-1, max-image-preview:large, max-video-preview:-1\" \/>\n<link rel=\"canonical\" href=\"https:\/\/livinsoft.com\/tr\/customer-stories\/\" \/>\n<meta property=\"og:locale\" content=\"tr_TR\" \/>\n<meta property=\"og:type\" content=\"article\" \/>\n<meta property=\"og:title\" content=\"Customer Stories\" \/>\n<meta property=\"og:description\" content=\"Read customer stories of Livinsoft users and their experiences about our revolutionary property management software\" \/>\n<meta property=\"og:url\" content=\"https:\/\/livinsoft.com\/tr\/customer-stories\/\" \/>\n<meta property=\"og:site_name\" content=\"Livinsoft\" \/>\n<meta property=\"article:publisher\" content=\"https:\/\/www.facebook.com\/livinsoft\" \/>\n<meta property=\"article:modified_time\" content=\"2024-07-05T14:10:44+00:00\" \/>\n<meta name=\"twitter:card\" content=\"summary_large_image\" \/>\n<meta name=\"twitter:site\" content=\"@livinsoft\" \/>\n<meta name=\"twitter:label1\" content=\"Tahmini okuma s\u00fcresi\" \/>\n\t<meta name=\"twitter:data1\" content=\"2 dakika\" \/>\n<script type=\"application\/ld+json\" class=\"yoast-schema-graph\">{\"@context\":\"https:\/\/schema.org\",\"@graph\":[{\"@type\":\"WebPage\",\"@id\":\"https:\/\/livinsoft.com\/customer-stories\/\",\"url\":\"https:\/\/livinsoft.com\/customer-stories\/\",\"name\":\"Customer Stories - Livinsoft\",\"isPartOf\":{\"@id\":\"https:\/\/livinsoft.com\/#website\"},\"datePublished\":\"2024-05-10T11:48:02+00:00\",\"dateModified\":\"2024-07-05T14:10:44+00:00\",\"description\":\"Read customer stories of Livinsoft users and their experiences about our revolutionary property management software\",\"breadcrumb\":{\"@id\":\"https:\/\/livinsoft.com\/customer-stories\/#breadcrumb\"},\"inLanguage\":\"tr\",\"potentialAction\":[{\"@type\":\"ReadAction\",\"target\":[\"https:\/\/livinsoft.com\/customer-stories\/\"]}]},{\"@type\":\"BreadcrumbList\",\"@id\":\"https:\/\/livinsoft.com\/customer-stories\/#breadcrumb\",\"itemListElement\":[{\"@type\":\"ListItem\",\"position\":1,\"name\":\"Home\",\"item\":\"https:\/\/livinsoft.com\/\"},{\"@type\":\"ListItem\",\"position\":2,\"name\":\"Customer Stories\"}]},{\"@type\":\"WebSite\",\"@id\":\"https:\/\/livinsoft.com\/#website\",\"url\":\"https:\/\/livinsoft.com\/\",\"name\":\"Livinsoft\",\"description\":\"\",\"publisher\":{\"@id\":\"https:\/\/livinsoft.com\/#organization\"},\"potentialAction\":[{\"@type\":\"SearchAction\",\"target\":{\"@type\":\"EntryPoint\",\"urlTemplate\":\"https:\/\/livinsoft.com\/?s={search_term_string}\"},\"query-input\":{\"@type\":\"PropertyValueSpecification\",\"valueRequired\":true,\"valueName\":\"search_term_string\"}}],\"inLanguage\":\"tr\"},{\"@type\":\"Organization\",\"@id\":\"https:\/\/livinsoft.com\/#organization\",\"name\":\"Livinsoft\",\"url\":\"https:\/\/livinsoft.com\/\",\"logo\":{\"@type\":\"ImageObject\",\"inLanguage\":\"tr\",\"@id\":\"https:\/\/livinsoft.com\/#\/schema\/logo\/image\/\",\"url\":\"https:\/\/livinsoft.com\/wp-content\/uploads\/2023\/07\/livinsoft-logo.png\",\"contentUrl\":\"https:\/\/livinsoft.com\/wp-content\/uploads\/2023\/07\/livinsoft-logo.png\",\"width\":712,\"height\":178,\"caption\":\"Livinsoft\"},\"image\":{\"@id\":\"https:\/\/livinsoft.com\/#\/schema\/logo\/image\/\"},\"sameAs\":[\"https:\/\/www.facebook.com\/livinsoft\",\"https:\/\/x.com\/livinsoft\",\"https:\/\/www.instagram.com\/livinsoft\/\",\"https:\/\/www.youtube.com\/@livinsoft6624\",\"https:\/\/www.linkedin.com\/company\/13015422\/\"]}]}<\/script>\n<!-- \/ Yoast SEO Premium plugin. -->","yoast_head_json":{"title":"Customer Stories - Livinsoft","description":"Read customer stories of Livinsoft users and their experiences about our revolutionary property management software","robots":{"index":"index","follow":"follow","max-snippet":"max-snippet:-1","max-image-preview":"max-image-preview:large","max-video-preview":"max-video-preview:-1"},"canonical":"https:\/\/livinsoft.com\/tr\/customer-stories\/","og_locale":"tr_TR","og_type":"article","og_title":"Customer Stories","og_description":"Read customer stories of Livinsoft users and their experiences about our revolutionary property management software","og_url":"https:\/\/livinsoft.com\/tr\/customer-stories\/","og_site_name":"Livinsoft","article_publisher":"https:\/\/www.facebook.com\/livinsoft","article_modified_time":"2024-07-05T14:10:44+00:00","twitter_card":"summary_large_image","twitter_site":"@livinsoft","twitter_misc":{"Tahmini okuma s\u00fcresi":"2 dakika"},"schema":{"@context":"https:\/\/schema.org","@graph":[{"@type":"WebPage","@id":"https:\/\/livinsoft.com\/customer-stories\/","url":"https:\/\/livinsoft.com\/customer-stories\/","name":"Customer Stories - Livinsoft","isPartOf":{"@id":"https:\/\/livinsoft.com\/#website"},"datePublished":"2024-05-10T11:48:02+00:00","dateModified":"2024-07-05T14:10:44+00:00","description":"Read customer stories of Livinsoft users and their experiences about our revolutionary property management software","breadcrumb":{"@id":"https:\/\/livinsoft.com\/customer-stories\/#breadcrumb"},"inLanguage":"tr","potentialAction":[{"@type":"ReadAction","target":["https:\/\/livinsoft.com\/customer-stories\/"]}]},{"@type":"BreadcrumbList","@id":"https:\/\/livinsoft.com\/customer-stories\/#breadcrumb","itemListElement":[{"@type":"ListItem","position":1,"name":"Home","item":"https:\/\/livinsoft.com\/"},{"@type":"ListItem","position":2,"name":"Customer Stories"}]},{"@type":"WebSite","@id":"https:\/\/livinsoft.com\/#website","url":"https:\/\/livinsoft.com\/","name":"Livinsoft","description":"","publisher":{"@id":"https:\/\/livinsoft.com\/#organization"},"potentialAction":[{"@type":"SearchAction","target":{"@type":"EntryPoint","urlTemplate":"https:\/\/livinsoft.com\/?s={search_term_string}"},"query-input":{"@type":"PropertyValueSpecification","valueRequired":true,"valueName":"search_term_string"}}],"inLanguage":"tr"},{"@type":"Organization","@id":"https:\/\/livinsoft.com\/#organization","name":"Livinsoft","url":"https:\/\/livinsoft.com\/","logo":{"@type":"ImageObject","inLanguage":"tr","@id":"https:\/\/livinsoft.com\/#\/schema\/logo\/image\/","url":"https:\/\/livinsoft.com\/wp-content\/uploads\/2023\/07\/livinsoft-logo.png","contentUrl":"https:\/\/livinsoft.com\/wp-content\/uploads\/2023\/07\/livinsoft-logo.png","width":712,"height":178,"caption":"Livinsoft"},"image":{"@id":"https:\/\/livinsoft.com\/#\/schema\/logo\/image\/"},"sameAs":["https:\/\/www.facebook.com\/livinsoft","https:\/\/x.com\/livinsoft","https:\/\/www.instagram.com\/livinsoft\/","https:\/\/www.youtube.com\/@livinsoft6624","https:\/\/www.linkedin.com\/company\/13015422\/"]}]}},"_links":{"self":[{"href":"https:\/\/livinsoft.com\/tr\/wp-json\/wp\/v2\/pages\/3238","targetHints":{"allow":["GET"]}}],"collection":[{"href":"https:\/\/livinsoft.com\/tr\/wp-json\/wp\/v2\/pages"}],"about":[{"href":"https:\/\/livinsoft.com\/tr\/wp-json\/wp\/v2\/types\/page"}],"author":[{"embeddable":true,"href":"https:\/\/livinsoft.com\/tr\/wp-json\/wp\/v2\/users\/1"}],"replies":[{"embeddable":true,"href":"https:\/\/livinsoft.com\/tr\/wp-json\/wp\/v2\/comments?post=3238"}],"version-history":[{"count":83,"href":"https:\/\/livinsoft.com\/tr\/wp-json\/wp\/v2\/pages\/3238\/revisions"}],"predecessor-version":[{"id":3841,"href":"https:\/\/livinsoft.com\/tr\/wp-json\/wp\/v2\/pages\/3238\/revisions\/3841"}],"wp:attachment":[{"href":"https:\/\/livinsoft.com\/tr\/wp-json\/wp\/v2\/media?parent=3238"}],"curies":[{"name":"wp","href":"https:\/\/api.w.org\/{rel}","templated":true}]}}